{"id":1168,"date":"2025-10-19T14:09:34","date_gmt":"2025-10-19T19:09:34","guid":{"rendered":"https:\/\/trekkingsantamarta.com\/?post_type=product&#038;p=1168"},"modified":"2026-04-17T17:05:19","modified_gmt":"2026-04-17T22:05:19","slug":"trekking-3-dias-bunkuany","status":"publish","type":"product","link":"https:\/\/trekkingsantamarta.com\/en\/product\/trekking-3-dias-bunkuany\/","title":{"rendered":"Trekking de 3 d\u00edas a Bunkuany"},"content":{"rendered":"<h2 style=\"color: #339966; font-size: 25px;\"><strong>D\u00cdA 1: El Inicio de la Aventura<\/strong><\/h2>\n<ul>\n<li><strong style=\"color: #d9583b;\">08:00 AM<\/strong> | Recogida en tu lugar de alojamiento en <strong>Santa Marta<\/strong>.<\/li>\n<li><strong style=\"color: #d9583b;\">09:00 AM<\/strong> | Breve parada en la oficina en <strong>Bonda<\/strong> para guardar el equipaje extra y disfrutar de un caf\u00e9 antes de iniciar el trek.<\/li>\n<li><strong style=\"color: #d9583b;\">09:15 AM<\/strong> | Trayecto de 25 minutos en veh\u00edculo hasta el punto de inicio de la caminata.<\/li>\n<li><strong style=\"color: #d9583b;\">09:40 AM<\/strong> | Caminata de 1 hora (3 km) a trav\u00e9s del bosque tropical hasta llegar a la <strong>Piedra de Donama<\/strong>.<\/li>\n<li><strong style=\"color: #d9583b;\">11:00 AM<\/strong> | <strong>R\u00edo La Lisa<\/strong>: Un espacio para nadar, relajarse y disfrutar de la experiencia de saltar en las aguas cristalinas de la monta\u00f1a.<\/li>\n<li><strong style=\"color: #d9583b;\">12:00 PM<\/strong> | Almuerzo tradicional servido en <strong>Casa Domek<\/strong>.<\/li>\n<li><strong style=\"color: #d9583b;\">02:00 PM<\/strong> | Caminata de 3 horas (6 km) hacia <strong>La Playita<\/strong>, una finca local autosostenible en las monta\u00f1as.<\/li>\n<li><strong style=\"color: #d9583b;\">05:00 PM<\/strong> | Tiempo de descanso.<\/li>\n<li><strong style=\"color: #d9583b;\">06:30 PM<\/strong> | Cena preparada por la familia anfitriona. Pernoctaci\u00f3n en camas.<\/li>\n<\/ul>\n<h2 style=\"color: #339966; font-size: 25px;\"><strong>D\u00cdA 2: Hacia la Ciudad Perdida de Bunkuany<\/strong><\/h2>\n<ul>\n<li><strong style=\"color: #d9583b;\">08:00 AM<\/strong> | Desayuno tradicional con productos locales de la finca.<\/li>\n<li><strong style=\"color: #d9583b;\">08:30 AM<\/strong> | <strong>Caminata Matutina a Bunkuany (3.5 horas \/ 8 km):<\/strong> La ruta se adentra en la Sierra Nevada hacia el sitio arqueol\u00f3gico de Bunkuany.<\/li>\n<li><strong style=\"color: #d9583b;\">11:30 AM<\/strong> | Visita guiada enfocada en la historia de las ruinas y su significado cultural.<\/li>\n<li><strong style=\"color: #d9583b;\">12:30 PM<\/strong> | Almuerzo en el <strong>Restaurante Bunkuany<\/strong>.<\/li>\n<li><strong style=\"color: #d9583b;\">02:00 PM<\/strong> | Caminata de 2.5 horas (2 km) hacia <strong>Calabazo<\/strong> a trav\u00e9s del bosque tropical; una oportunidad ideal para avistar monos, aves, r\u00edos y paisajes selv\u00e1ticos impresionantes.<\/li>\n<li><strong style=\"color: #d9583b;\">04:30 PM<\/strong> | Llegada a Calabazo para disfrutar de una bebida fr\u00eda y un descanso de 10 minutos.<\/li>\n<li><strong style=\"color: #d9583b;\">04:45 PM<\/strong> | Caminata de 1.5 horas (3 km) hacia el <strong>Pueblo Kogui<\/strong> (nuestro segundo campamento). Cena y fogata.<\/li>\n<\/ul>\n<h2><strong>\u00a0<\/strong><\/h2>\n<h2 style=\"color: #339966; font-size: 25px;\"><strong>D\u00cdA 3: Inmersi\u00f3n Cultural y Regreso<\/strong><\/h2>\n<ul>\n<li><strong style=\"color: #d9583b;\">07:45 AM<\/strong> | Caminata de 500 metros hacia un mirador cercano para apreciar las vistas espectaculares de los <strong>picos nevados<\/strong> de la Sierra Nevada.<\/li>\n<li><strong style=\"color: #d9583b;\">08:15 AM<\/strong> | Desayuno tradicional.<\/li>\n<li><strong style=\"color: #d9583b;\">09:00 AM<\/strong> | <strong>Tour Cultural<\/strong> liderado por un gu\u00eda ind\u00edgena, ofreciendo una comprensi\u00f3n profunda de las tradiciones Kogui, su espiritualidad, vida diaria y cosmovisi\u00f3n.<\/li>\n<li><strong style=\"color: #d9583b;\">12:30 PM<\/strong> | Almuerzo y descenso: caminata de 3 km de regreso a Calabazo.<\/li>\n<li><strong style=\"color: #d9583b;\">02:00 PM<\/strong> | Transporte de regreso a Santa Marta.<\/li>\n<\/ul>\n<p><strong style=\"color: #d9583b;\">IMPORTANT:<\/strong> Trekking Santa Marta reserves the right to modify or cancel the itinerary due to weather conditions, security issues or other unforeseen circumstances. In such cases, alternatives will be offered whenever possible.<\/p>","protected":false},"excerpt":{"rendered":"<p><span style=\"color: #d9583b;\"><strong>BUNKUANY: THE SMALL (3 DAYS)<\/strong><\/span><\/p>\n<p>Explore Bunkuany, the <span style=\"color: #339966;\"><strong>\u201clittle Lost City of Colombia\u201d<\/strong><\/span>in a 3-day tour in the Sierra Nevada of Santa Marta. Ideal for adventurers with little time, it combines trekking moderate, coffee tasting, organic, swimming in natural pools, meditation in sacred sites Tayronas, and cultural encounters with indigenous communities Kogui, Wiwa, Arhuacos and Kankuamos. Culminates in the beach of Cabo San Juan's Guide with sunsets in the caribbean. Includes: meals, camping, and local guide.<\/p>\n<p><strong style=\"font-size: 18px;\">Value of the tour:<\/strong> <strong><span style=\"color: #d9583b; font-size: 19px;\">375 USD\u00a0<\/span><\/strong><\/p>\n<p><strong>You can book with only <span style=\"color: #339966;\">$ 30 USD<\/span> via PAYPAL<\/strong><\/p>","protected":false},"featured_media":1212,"comment_status":"open","ping_status":"closed","template":"","meta":{"_joinchat":[]},"product_brand":[],"product_cat":[23],"product_tag":[],"class_list":{"0":"post-1168","1":"product","2":"type-product","3":"status-publish","4":"has-post-thumbnail","6":"product_cat-sin-categorizar","8":"first","9":"instock","10":"virtual","11":"sold-individually","12":"taxable","13":"purchasable","14":"product-type-booking"},"yoast_head":"<!-- This site is optimized with the Yoast SEO plugin v27.4 - https:\/\/yoast.com\/product\/yoast-seo-wordpress\/ -->\n<title>Trekking de 3 d\u00edas a Bunkuany - trekkingsantamarta.com<\/title>\n<meta name=\"description\" content=\"Bunkuany, la &quot;peque\u00f1a ciudad perdida de Colombia&quot;. Para aquellos que buscan una experiencia de menor tiempo o presupuesto que la Ciudad Perdida principal.\" \/>\n<meta name=\"robots\" content=\"index, follow, max-snippet:-1, max-image-preview:large, max-video-preview:-1\" \/>\n<link rel=\"canonical\" href=\"https:\/\/trekkingsantamarta.com\/en\/product\/trekking-3-dias-bunkuany\/\" \/>\n<meta property=\"og:locale\" content=\"en_US\" \/>\n<meta property=\"og:type\" content=\"article\" \/>\n<meta property=\"og:title\" content=\"Trekking de 3 d\u00edas a Bunkuany - trekkingsantamarta.com\" \/>\n<meta property=\"og:description\" content=\"Bunkuany, la &quot;peque\u00f1a ciudad perdida de Colombia&quot;. Para aquellos que buscan una experiencia de menor tiempo o presupuesto que la Ciudad Perdida principal.\" \/>\n<meta property=\"og:url\" content=\"https:\/\/trekkingsantamarta.com\/en\/product\/trekking-3-dias-bunkuany\/\" \/>\n<meta property=\"og:site_name\" content=\"trekkingsantamarta.com\" \/>\n<meta property=\"article:publisher\" content=\"https:\/\/www.facebook.com\/profile.php?id=100078143620334&amp;ref=_ig_profile_ac\" \/>\n<meta property=\"article:modified_time\" content=\"2026-04-17T22:05:19+00:00\" \/>\n<meta property=\"og:image\" content=\"https:\/\/trekkingsantamarta.com\/wp-content\/uploads\/2025\/10\/Terraza-en-Bunkuany-en-la-sierra-nevada-de-santa-marta-scaled.webp\" \/>\n\t<meta property=\"og:image:width\" content=\"2560\" \/>\n\t<meta property=\"og:image:height\" content=\"2560\" \/>\n\t<meta property=\"og:image:type\" content=\"image\/webp\" \/>\n<meta name=\"twitter:card\" content=\"summary_large_image\" \/>\n<meta name=\"twitter:label1\" content=\"Est. reading time\" \/>\n\t<meta name=\"twitter:data1\" content=\"3 minutes\" \/>\n<script type=\"application\/ld+json\" class=\"yoast-schema-graph\">{\"@context\":\"https:\\\/\\\/schema.org\",\"@graph\":[{\"@type\":\"WebPage\",\"@id\":\"https:\\\/\\\/trekkingsantamarta.com\\\/producto\\\/trekking-3-dias-bunkuany\\\/\",\"url\":\"https:\\\/\\\/trekkingsantamarta.com\\\/producto\\\/trekking-3-dias-bunkuany\\\/\",\"name\":\"Trekking de 3 d\u00edas a Bunkuany - trekkingsantamarta.com\",\"isPartOf\":{\"@id\":\"https:\\\/\\\/trekkingsantamarta.com\\\/#website\"},\"primaryImageOfPage\":{\"@id\":\"https:\\\/\\\/trekkingsantamarta.com\\\/producto\\\/trekking-3-dias-bunkuany\\\/#primaryimage\"},\"image\":{\"@id\":\"https:\\\/\\\/trekkingsantamarta.com\\\/producto\\\/trekking-3-dias-bunkuany\\\/#primaryimage\"},\"thumbnailUrl\":\"https:\\\/\\\/trekkingsantamarta.com\\\/wp-content\\\/uploads\\\/2025\\\/10\\\/Terraza-en-Bunkuany-en-la-sierra-nevada-de-santa-marta-scaled.webp\",\"datePublished\":\"2025-10-19T19:09:34+00:00\",\"dateModified\":\"2026-04-17T22:05:19+00:00\",\"description\":\"Bunkuany, la \\\"peque\u00f1a ciudad perdida de Colombia\\\". Para aquellos que buscan una experiencia de menor tiempo o presupuesto que la Ciudad Perdida principal.\",\"breadcrumb\":{\"@id\":\"https:\\\/\\\/trekkingsantamarta.com\\\/producto\\\/trekking-3-dias-bunkuany\\\/#breadcrumb\"},\"inLanguage\":\"en-US\",\"potentialAction\":[{\"@type\":\"ReadAction\",\"target\":[\"https:\\\/\\\/trekkingsantamarta.com\\\/producto\\\/trekking-3-dias-bunkuany\\\/\"]}]},{\"@type\":\"ImageObject\",\"inLanguage\":\"en-US\",\"@id\":\"https:\\\/\\\/trekkingsantamarta.com\\\/producto\\\/trekking-3-dias-bunkuany\\\/#primaryimage\",\"url\":\"https:\\\/\\\/trekkingsantamarta.com\\\/wp-content\\\/uploads\\\/2025\\\/10\\\/Terraza-en-Bunkuany-en-la-sierra-nevada-de-santa-marta-scaled.webp\",\"contentUrl\":\"https:\\\/\\\/trekkingsantamarta.com\\\/wp-content\\\/uploads\\\/2025\\\/10\\\/Terraza-en-Bunkuany-en-la-sierra-nevada-de-santa-marta-scaled.webp\",\"width\":2560,\"height\":2560},{\"@type\":\"BreadcrumbList\",\"@id\":\"https:\\\/\\\/trekkingsantamarta.com\\\/producto\\\/trekking-3-dias-bunkuany\\\/#breadcrumb\",\"itemListElement\":[{\"@type\":\"ListItem\",\"position\":1,\"name\":\"Inicio\",\"item\":\"https:\\\/\\\/trekkingsantamarta.com\\\/\"},{\"@type\":\"ListItem\",\"position\":2,\"name\":\"Tienda\",\"item\":\"https:\\\/\\\/trekkingsantamarta.com\\\/tienda\\\/\"},{\"@type\":\"ListItem\",\"position\":3,\"name\":\"Trekking de 3 d\u00edas a Bunkuany\"}]},{\"@type\":\"WebSite\",\"@id\":\"https:\\\/\\\/trekkingsantamarta.com\\\/#website\",\"url\":\"https:\\\/\\\/trekkingsantamarta.com\\\/\",\"name\":\"trekkingsantamarta.com\",\"description\":\"Conoce lo m\u00e1s profundo de la Sierra Nevada de Santa Marta.\",\"publisher\":{\"@id\":\"https:\\\/\\\/trekkingsantamarta.com\\\/#organization\"},\"alternateName\":\"Trekking Santa Marta\",\"potentialAction\":[{\"@type\":\"SearchAction\",\"target\":{\"@type\":\"EntryPoint\",\"urlTemplate\":\"https:\\\/\\\/trekkingsantamarta.com\\\/?s={search_term_string}\"},\"query-input\":{\"@type\":\"PropertyValueSpecification\",\"valueRequired\":true,\"valueName\":\"search_term_string\"}}],\"inLanguage\":\"en-US\"},{\"@type\":\"Organization\",\"@id\":\"https:\\\/\\\/trekkingsantamarta.com\\\/#organization\",\"name\":\"Trekking Santa Marta\",\"alternateName\":\"trekkingsantamarta.com\",\"url\":\"https:\\\/\\\/trekkingsantamarta.com\\\/\",\"logo\":{\"@type\":\"ImageObject\",\"inLanguage\":\"en-US\",\"@id\":\"https:\\\/\\\/trekkingsantamarta.com\\\/#\\\/schema\\\/logo\\\/image\\\/\",\"url\":\"https:\\\/\\\/trekkingsantamarta.com\\\/wp-content\\\/uploads\\\/2025\\\/03\\\/Trekking-Santa-Marta-Logo-1.png\",\"contentUrl\":\"https:\\\/\\\/trekkingsantamarta.com\\\/wp-content\\\/uploads\\\/2025\\\/03\\\/Trekking-Santa-Marta-Logo-1.png\",\"width\":4584,\"height\":4567,\"caption\":\"Trekking Santa Marta\"},\"image\":{\"@id\":\"https:\\\/\\\/trekkingsantamarta.com\\\/#\\\/schema\\\/logo\\\/image\\\/\"},\"sameAs\":[\"https:\\\/\\\/www.facebook.com\\\/profile.php?id=100078143620334&ref=_ig_profile_ac\",\"https:\\\/\\\/www.instagram.com\\\/trekkingsantamarta\\\/\"]}]}<\/script>\n<!-- \/ Yoast SEO plugin. -->","yoast_head_json":{"title":"Trekking de 3 d\u00edas a Bunkuany - trekkingsantamarta.com","description":"Bunkuany, la \"peque\u00f1a ciudad perdida de Colombia\". Para aquellos que buscan una experiencia de menor tiempo o presupuesto que la Ciudad Perdida principal.","robots":{"index":"index","follow":"follow","max-snippet":"max-snippet:-1","max-image-preview":"max-image-preview:large","max-video-preview":"max-video-preview:-1"},"canonical":"https:\/\/trekkingsantamarta.com\/en\/product\/trekking-3-dias-bunkuany\/","og_locale":"en_US","og_type":"article","og_title":"Trekking de 3 d\u00edas a Bunkuany - trekkingsantamarta.com","og_description":"Bunkuany, la \"peque\u00f1a ciudad perdida de Colombia\". Para aquellos que buscan una experiencia de menor tiempo o presupuesto que la Ciudad Perdida principal.","og_url":"https:\/\/trekkingsantamarta.com\/en\/product\/trekking-3-dias-bunkuany\/","og_site_name":"trekkingsantamarta.com","article_publisher":"https:\/\/www.facebook.com\/profile.php?id=100078143620334&ref=_ig_profile_ac","article_modified_time":"2026-04-17T22:05:19+00:00","og_image":[{"width":2560,"height":2560,"url":"https:\/\/trekkingsantamarta.com\/wp-content\/uploads\/2025\/10\/Terraza-en-Bunkuany-en-la-sierra-nevada-de-santa-marta-scaled.webp","type":"image\/webp"}],"twitter_card":"summary_large_image","twitter_misc":{"Est. reading time":"3 minutes"},"schema":{"@context":"https:\/\/schema.org","@graph":[{"@type":"WebPage","@id":"https:\/\/trekkingsantamarta.com\/producto\/trekking-3-dias-bunkuany\/","url":"https:\/\/trekkingsantamarta.com\/producto\/trekking-3-dias-bunkuany\/","name":"Trekking de 3 d\u00edas a Bunkuany - trekkingsantamarta.com","isPartOf":{"@id":"https:\/\/trekkingsantamarta.com\/#website"},"primaryImageOfPage":{"@id":"https:\/\/trekkingsantamarta.com\/producto\/trekking-3-dias-bunkuany\/#primaryimage"},"image":{"@id":"https:\/\/trekkingsantamarta.com\/producto\/trekking-3-dias-bunkuany\/#primaryimage"},"thumbnailUrl":"https:\/\/trekkingsantamarta.com\/wp-content\/uploads\/2025\/10\/Terraza-en-Bunkuany-en-la-sierra-nevada-de-santa-marta-scaled.webp","datePublished":"2025-10-19T19:09:34+00:00","dateModified":"2026-04-17T22:05:19+00:00","description":"Bunkuany, la \"peque\u00f1a ciudad perdida de Colombia\". Para aquellos que buscan una experiencia de menor tiempo o presupuesto que la Ciudad Perdida principal.","breadcrumb":{"@id":"https:\/\/trekkingsantamarta.com\/producto\/trekking-3-dias-bunkuany\/#breadcrumb"},"inLanguage":"en-US","potentialAction":[{"@type":"ReadAction","target":["https:\/\/trekkingsantamarta.com\/producto\/trekking-3-dias-bunkuany\/"]}]},{"@type":"ImageObject","inLanguage":"en-US","@id":"https:\/\/trekkingsantamarta.com\/producto\/trekking-3-dias-bunkuany\/#primaryimage","url":"https:\/\/trekkingsantamarta.com\/wp-content\/uploads\/2025\/10\/Terraza-en-Bunkuany-en-la-sierra-nevada-de-santa-marta-scaled.webp","contentUrl":"https:\/\/trekkingsantamarta.com\/wp-content\/uploads\/2025\/10\/Terraza-en-Bunkuany-en-la-sierra-nevada-de-santa-marta-scaled.webp","width":2560,"height":2560},{"@type":"BreadcrumbList","@id":"https:\/\/trekkingsantamarta.com\/producto\/trekking-3-dias-bunkuany\/#breadcrumb","itemListElement":[{"@type":"ListItem","position":1,"name":"Inicio","item":"https:\/\/trekkingsantamarta.com\/"},{"@type":"ListItem","position":2,"name":"Tienda","item":"https:\/\/trekkingsantamarta.com\/tienda\/"},{"@type":"ListItem","position":3,"name":"Trekking de 3 d\u00edas a Bunkuany"}]},{"@type":"WebSite","@id":"https:\/\/trekkingsantamarta.com\/#website","url":"https:\/\/trekkingsantamarta.com\/","name":"trekkingsantamarta.com","description":"He knows the depths of the Sierra Nevada de Santa Marta.","publisher":{"@id":"https:\/\/trekkingsantamarta.com\/#organization"},"alternateName":"Trekking Santa Marta","potentialAction":[{"@type":"SearchAction","target":{"@type":"EntryPoint","urlTemplate":"https:\/\/trekkingsantamarta.com\/?s={search_term_string}"},"query-input":{"@type":"PropertyValueSpecification","valueRequired":true,"valueName":"search_term_string"}}],"inLanguage":"en-US"},{"@type":"Organization","@id":"https:\/\/trekkingsantamarta.com\/#organization","name":"Trekking Santa Marta","alternateName":"trekkingsantamarta.com","url":"https:\/\/trekkingsantamarta.com\/","logo":{"@type":"ImageObject","inLanguage":"en-US","@id":"https:\/\/trekkingsantamarta.com\/#\/schema\/logo\/image\/","url":"https:\/\/trekkingsantamarta.com\/wp-content\/uploads\/2025\/03\/Trekking-Santa-Marta-Logo-1.png","contentUrl":"https:\/\/trekkingsantamarta.com\/wp-content\/uploads\/2025\/03\/Trekking-Santa-Marta-Logo-1.png","width":4584,"height":4567,"caption":"Trekking Santa Marta"},"image":{"@id":"https:\/\/trekkingsantamarta.com\/#\/schema\/logo\/image\/"},"sameAs":["https:\/\/www.facebook.com\/profile.php?id=100078143620334&ref=_ig_profile_ac","https:\/\/www.instagram.com\/trekkingsantamarta\/"]}]}},"_links":{"self":[{"href":"https:\/\/trekkingsantamarta.com\/en\/wp-json\/wp\/v2\/product\/1168","targetHints":{"allow":["GET"]}}],"collection":[{"href":"https:\/\/trekkingsantamarta.com\/en\/wp-json\/wp\/v2\/product"}],"about":[{"href":"https:\/\/trekkingsantamarta.com\/en\/wp-json\/wp\/v2\/types\/product"}],"replies":[{"embeddable":true,"href":"https:\/\/trekkingsantamarta.com\/en\/wp-json\/wp\/v2\/comments?post=1168"}],"wp:featuredmedia":[{"embeddable":true,"href":"https:\/\/trekkingsantamarta.com\/en\/wp-json\/wp\/v2\/media\/1212"}],"wp:attachment":[{"href":"https:\/\/trekkingsantamarta.com\/en\/wp-json\/wp\/v2\/media?parent=1168"}],"wp:term":[{"taxonomy":"product_brand","embeddable":true,"href":"https:\/\/trekkingsantamarta.com\/en\/wp-json\/wp\/v2\/product_brand?post=1168"},{"taxonomy":"product_cat","embeddable":true,"href":"https:\/\/trekkingsantamarta.com\/en\/wp-json\/wp\/v2\/product_cat?post=1168"},{"taxonomy":"product_tag","embeddable":true,"href":"https:\/\/trekkingsantamarta.com\/en\/wp-json\/wp\/v2\/product_tag?post=1168"}],"curies":[{"name":"wp","href":"https:\/\/api.w.org\/{rel}","templated":true}]}}