{"id":164,"date":"2020-04-17T14:49:25","date_gmt":"2020-04-17T14:49:25","guid":{"rendered":"https:\/\/startersites.io\/blocksy\/travel\/?page_id=164"},"modified":"2025-07-08T09:58:08","modified_gmt":"2025-07-08T14:58:08","slug":"sobre-nosotros","status":"publish","type":"page","link":"https:\/\/trekkingsantamarta.com\/en\/sobre-nosotros\/","title":{"rendered":"Trekking Santa Marta"},"content":{"rendered":"<div data-elementor-type=\"wp-page\" data-elementor-id=\"164\" class=\"elementor elementor-164\" data-elementor-post-type=\"page\">\n\t\t\t\t\t\t<section class=\"elementor-section elementor-top-section elementor-element elementor-element-0717564 ct-section-stretched elementor-section-height-min-height elementor-section-boxed elementor-section-height-default elementor-section-items-middle\" data-id=\"0717564\" data-element_type=\"section\" data-settings=\"{&quot;background_background&quot;:&quot;classic&quot;,&quot;shape_divider_bottom&quot;:&quot;pyramids&quot;}\">\n\t\t\t\t\t<div class=\"elementor-shape elementor-shape-bottom\" aria-hidden=\"true\" data-negative=\"false\">\n\t\t\t<svg xmlns=\"http:\/\/www.w3.org\/2000\/svg\" viewbox=\"0 0 1000 100\" preserveaspectratio=\"none\">\n\t<path class=\"elementor-shape-fill\" d=\"M761.9,44.1L643.1,27.2L333.8,98L0,3.8V0l1000,0v3.9\"\/>\n<\/svg>\t\t<\/div>\n\t\t\t\t\t<div class=\"elementor-container elementor-column-gap-default\">\n\t\t\t\t\t<div class=\"elementor-column elementor-col-100 elementor-top-column elementor-element elementor-element-fd58751\" data-id=\"fd58751\" data-element_type=\"column\">\n\t\t\t<div class=\"elementor-widget-wrap elementor-element-populated\">\n\t\t\t\t\t\t<div class=\"elementor-element elementor-element-be03177 elementor-widget elementor-widget-heading\" data-id=\"be03177\" data-element_type=\"widget\" data-widget_type=\"heading.default\">\n\t\t\t\t\t<h1 class=\"elementor-heading-title elementor-size-default\">About<\/h1>\t\t\t\t<\/div>\n\t\t\t\t\t<\/div>\n\t\t<\/div>\n\t\t\t\t\t<\/div>\n\t\t<\/section>\n\t\t\t\t<section class=\"elementor-section elementor-top-section elementor-element elementor-element-7171754 elementor-reverse-tablet elementor-reverse-mobile elementor-section-boxed elementor-section-height-default elementor-section-height-default\" data-id=\"7171754\" data-element_type=\"section\">\n\t\t\t\t\t\t<div class=\"elementor-container elementor-column-gap-no\">\n\t\t\t\t\t<div class=\"elementor-column elementor-col-50 elementor-top-column elementor-element elementor-element-796f318\" data-id=\"796f318\" data-element_type=\"column\" data-settings=\"{&quot;background_background&quot;:&quot;classic&quot;}\">\n\t\t\t<div class=\"elementor-widget-wrap elementor-element-populated\">\n\t\t\t\t\t\t<div class=\"elementor-element elementor-element-74195c0 elementor-widget elementor-widget-spacer\" data-id=\"74195c0\" data-element_type=\"widget\" data-widget_type=\"spacer.default\">\n\t\t\t\t\t\t\t<div class=\"elementor-spacer\">\n\t\t\t<div class=\"elementor-spacer-inner\"><\/div>\n\t\t<\/div>\n\t\t\t\t\t\t<\/div>\n\t\t\t\t<div class=\"elementor-element elementor-element-f489451 elementor-widget elementor-widget-heading\" data-id=\"f489451\" data-element_type=\"widget\" data-widget_type=\"heading.default\">\n\t\t\t\t\t<h2 class=\"elementor-heading-title elementor-size-default\">Who are we?<\/h2>\t\t\t\t<\/div>\n\t\t\t\t<div class=\"elementor-element elementor-element-f6f41bb elementor-widget elementor-widget-text-editor\" data-id=\"f6f41bb\" data-element_type=\"widget\" data-widget_type=\"text-editor.default\">\n\t\t\t\t\t\t\t\t\t<p><span style=\"font-weight: 400;\">Trekking Santa Marta, we are a Tour Operator that develop tourist activities, adventure, nature, landscape, ethnography of context ancestral indigena.<\/span><\/p>\t\t\t\t\t\t\t\t<\/div>\n\t\t\t\t<div class=\"elementor-element elementor-element-3bcb5ad elementor-widget elementor-widget-spacer\" data-id=\"3bcb5ad\" data-element_type=\"widget\" data-widget_type=\"spacer.default\">\n\t\t\t\t\t\t\t<div class=\"elementor-spacer\">\n\t\t\t<div class=\"elementor-spacer-inner\"><\/div>\n\t\t<\/div>\n\t\t\t\t\t\t<\/div>\n\t\t\t\t\t<\/div>\n\t\t<\/div>\n\t\t\t\t<div class=\"elementor-column elementor-col-50 elementor-top-column elementor-element elementor-element-b3fec97\" data-id=\"b3fec97\" data-element_type=\"column\" data-settings=\"{&quot;background_background&quot;:&quot;classic&quot;}\">\n\t\t\t<div class=\"elementor-widget-wrap elementor-element-populated\">\n\t\t\t\t\t\t<div class=\"elementor-element elementor-element-349f96e elementor-widget elementor-widget-spacer\" data-id=\"349f96e\" data-element_type=\"widget\" data-widget_type=\"spacer.default\">\n\t\t\t\t\t\t\t<div class=\"elementor-spacer\">\n\t\t\t<div class=\"elementor-spacer-inner\"><\/div>\n\t\t<\/div>\n\t\t\t\t\t\t<\/div>\n\t\t\t\t\t<\/div>\n\t\t<\/div>\n\t\t\t\t\t<\/div>\n\t\t<\/section>\n\t\t\t\t<section class=\"elementor-section elementor-top-section elementor-element elementor-element-6c57fac elementor-section-boxed elementor-section-height-default elementor-section-height-default\" data-id=\"6c57fac\" data-element_type=\"section\">\n\t\t\t\t\t\t<div class=\"elementor-container elementor-column-gap-wider\">\n\t\t\t\t\t<div class=\"elementor-column elementor-col-50 elementor-top-column elementor-element elementor-element-6def7a7\" data-id=\"6def7a7\" data-element_type=\"column\">\n\t\t\t<div class=\"elementor-widget-wrap elementor-element-populated\">\n\t\t\t\t\t\t<div class=\"elementor-element elementor-element-b894fd2 elementor-widget elementor-widget-image\" data-id=\"b894fd2\" data-element_type=\"widget\" data-widget_type=\"image.default\">\n\t\t\t\t\t\t\t\t\t\t\t\t\t\t\t<img fetchpriority=\"high\" decoding=\"async\" width=\"1024\" height=\"768\" src=\"https:\/\/trekkingsantamarta.com\/wp-content\/uploads\/2025\/03\/nymean5-1024x768.jpg\" class=\"attachment-large size-large wp-image-637\" alt=\"\" srcset=\"https:\/\/trekkingsantamarta.com\/wp-content\/uploads\/2025\/03\/nymean5-1024x768.jpg 1024w, https:\/\/trekkingsantamarta.com\/wp-content\/uploads\/2025\/03\/nymean5-300x225.jpg 300w, https:\/\/trekkingsantamarta.com\/wp-content\/uploads\/2025\/03\/nymean5-768x576.jpg 768w, https:\/\/trekkingsantamarta.com\/wp-content\/uploads\/2025\/03\/nymean5-1536x1152.jpg 1536w, https:\/\/trekkingsantamarta.com\/wp-content\/uploads\/2025\/03\/nymean5-2048x1536.jpg 2048w, https:\/\/trekkingsantamarta.com\/wp-content\/uploads\/2025\/03\/nymean5-600x450.jpg 600w\" sizes=\"(max-width: 1024px) 100vw, 1024px\" \/>\t\t\t\t\t\t\t\t\t\t\t\t\t\t\t<\/div>\n\t\t\t\t\t<\/div>\n\t\t<\/div>\n\t\t\t\t<div class=\"elementor-column elementor-col-50 elementor-top-column elementor-element elementor-element-9b23dc4\" data-id=\"9b23dc4\" data-element_type=\"column\">\n\t\t\t<div class=\"elementor-widget-wrap elementor-element-populated\">\n\t\t\t\t\t\t<div class=\"elementor-element elementor-element-c980447 elementor-widget elementor-widget-heading\" data-id=\"c980447\" data-element_type=\"widget\" data-widget_type=\"heading.default\">\n\t\t\t\t\t<h2 class=\"elementor-heading-title elementor-size-default\">Why choose us?<\/h2>\t\t\t\t<\/div>\n\t\t\t\t<div class=\"elementor-element elementor-element-13e1a48 elementor-widget elementor-widget-text-editor\" data-id=\"13e1a48\" data-element_type=\"widget\" data-widget_type=\"text-editor.default\">\n\t\t\t\t\t\t\t\t\t<p><span style=\"font-weight: 400;\">Because we are a tour operator with exclusive experiences and authentic and this makes our adventurous travelers to take full advantage of the knowledge of our peasant and indigenous communities.<\/span><\/p>\t\t\t\t\t\t\t\t<\/div>\n\t\t\t\t<div class=\"elementor-element elementor-element-4550873 elementor-mobile-align-center elementor-widget elementor-widget-button\" data-id=\"4550873\" data-element_type=\"widget\" data-widget_type=\"button.default\">\n\t\t\t\t\t\t\t\t\t\t<a class=\"elementor-button elementor-button-link elementor-size-lg\" href=\"https:\/\/trekkingsantamarta.com\/en\/tours\/\">\n\t\t\t\t\t\t<span class=\"elementor-button-content-wrapper\">\n\t\t\t\t\t\t\t\t\t<span class=\"elementor-button-text\">Book<\/span>\n\t\t\t\t\t<\/span>\n\t\t\t\t\t<\/a>\n\t\t\t\t\t\t\t\t<\/div>\n\t\t\t\t\t<\/div>\n\t\t<\/div>\n\t\t\t\t\t<\/div>\n\t\t<\/section>\n\t\t\t\t<section class=\"elementor-section elementor-top-section elementor-element elementor-element-57dcf74 ct-section-stretched elementor-section-boxed elementor-section-height-default elementor-section-height-default\" data-id=\"57dcf74\" data-element_type=\"section\" data-settings=\"{&quot;background_background&quot;:&quot;classic&quot;}\">\n\t\t\t\t\t\t<div class=\"elementor-container elementor-column-gap-no\">\n\t\t\t\t\t<div class=\"elementor-column elementor-col-100 elementor-top-column elementor-element elementor-element-cef5d3a\" data-id=\"cef5d3a\" data-element_type=\"column\">\n\t\t\t<div class=\"elementor-widget-wrap elementor-element-populated\">\n\t\t\t\t\t\t<div class=\"elementor-element elementor-element-61b3ad2 elementor-widget elementor-widget-heading\" data-id=\"61b3ad2\" data-element_type=\"widget\" data-widget_type=\"heading.default\">\n\t\t\t\t\t<h2 class=\"elementor-heading-title elementor-size-default\">Mission and Vision<\/h2>\t\t\t\t<\/div>\n\t\t\t\t<section class=\"elementor-section elementor-inner-section elementor-element elementor-element-88799bc elementor-section-boxed elementor-section-height-default elementor-section-height-default\" data-id=\"88799bc\" data-element_type=\"section\">\n\t\t\t\t\t\t<div class=\"elementor-container elementor-column-gap-wide\">\n\t\t\t\t\t<div class=\"elementor-column elementor-col-50 elementor-inner-column elementor-element elementor-element-9553797\" data-id=\"9553797\" data-element_type=\"column\">\n\t\t\t<div class=\"elementor-widget-wrap elementor-element-populated\">\n\t\t\t\t\t\t<div class=\"elementor-element elementor-element-4d75d74 elementor-widget elementor-widget-heading\" data-id=\"4d75d74\" data-element_type=\"widget\" data-widget_type=\"heading.default\">\n\t\t\t\t\t<h4 class=\"elementor-heading-title elementor-size-default\">Mission<\/h4>\t\t\t\t<\/div>\n\t\t\t\t<div class=\"elementor-element elementor-element-13afb84 elementor-widget elementor-widget-text-editor\" data-id=\"13afb84\" data-element_type=\"widget\" data-widget_type=\"text-editor.default\">\n\t\t\t\t\t\t\t\t\t<p>At Trekking Santa Marta, we are dedicated to offering authentic and transformative tourism experiences that connect our visitors with the natural, cultural, and ancestral richness of the region. Through adventure activities, ecotourism, and ethnography, we promote respect for the environment, appreciation of indigenous communities, and the creation of unforgettable memories for our travelers. We commit to being a responsible and sustainable tour operator dedicated to local development.<\/p>\t\t\t\t\t\t\t\t<\/div>\n\t\t\t\t\t<\/div>\n\t\t<\/div>\n\t\t\t\t<div class=\"elementor-column elementor-col-50 elementor-inner-column elementor-element elementor-element-d07eda7\" data-id=\"d07eda7\" data-element_type=\"column\">\n\t\t\t<div class=\"elementor-widget-wrap elementor-element-populated\">\n\t\t\t\t\t\t<div class=\"elementor-element elementor-element-9c56236 elementor-widget elementor-widget-heading\" data-id=\"9c56236\" data-element_type=\"widget\" data-widget_type=\"heading.default\">\n\t\t\t\t\t<h4 class=\"elementor-heading-title elementor-size-default\">Vision<\/h4>\t\t\t\t<\/div>\n\t\t\t\t<div class=\"elementor-element elementor-element-1cf16aa elementor-widget elementor-widget-text-editor\" data-id=\"1cf16aa\" data-element_type=\"widget\" data-widget_type=\"text-editor.default\">\n\t\t\t\t\t\t\t\t\t<p>To be recognized as the leading tour operator in Santa Marta, distinguished by our passion for nature, adventure, and the preservation of indigenous cultural heritage. We aspire to be a benchmark in sustainable tourism, contributing to environmental protection and the empowerment of local communities, while inspiring travelers from around the world to discover and protect the natural and ancestral treasures of our region.<\/p>\t\t\t\t\t\t\t\t<\/div>\n\t\t\t\t\t<\/div>\n\t\t<\/div>\n\t\t\t\t\t<\/div>\n\t\t<\/section>\n\t\t\t\t\t<\/div>\n\t\t<\/div>\n\t\t\t\t\t<\/div>\n\t\t<\/section>\n\t\t\t\t<\/div>","protected":false},"excerpt":{"rendered":"<p>Sobre Nosotros \u00bfQui\u00e9nes somos? Trekking Santa Marta, somos un Operador Tur\u00edstico que desarrolla actividades tur\u00edsticas, de aventura, naturaleza, paisajismo, etnograf\u00eda de contexto ancestral indigena. \u00bfPor que elegirnos? Porque somos un operador tur\u00edstico con experiencias exclusivas y autenticas esto hace que nuestros viajeros aventureros saquen el m\u00e1ximo provecho del conocimiento de nuestras comunidades campesinas e ind\u00edgenas. [&hellip;]<\/p>\n","protected":false},"author":1,"featured_media":678,"parent":0,"menu_order":0,"comment_status":"closed","ping_status":"closed","template":"","meta":{"_joinchat":[],"footnotes":""},"class_list":["post-164","page","type-page","status-publish","has-post-thumbnail","hentry"],"blocksy_meta":{"page_title_panel":"","has_hero_section":"disabled","8dde94b88eca81613eaf41e6e63df8f3":"","hero_section":"type-1","hero_elements":[{"id":"custom_title","enabled":true},{"id":"breadcrumbs","enabled":false},{"id":"custom_description","enabled":true,"description_visibility":{"desktop":true,"tablet":true,"mobile":false}},{"id":"custom_meta","enabled":true,"single_meta_elements":{"author":false,"date":false,"categories":false,"comments":false,"updated":false,"tags":false},"page_meta_elements":{"joined":true,"articles_count":true,"comments":true}}],"b57ca4d32122654dfac08b0b6ccf6716":"","hero_alignment1":"left","hero_alignment2":"center","hero_height":"230px","page_title_bg_type":"color","custom_hero_background":{"attachment_id":null},"parallax":{"desktop":false,"tablet":false,"mobile":false},"pageTitleFont":{"family":"Default","variation":"Default","size":{"desktop":"32px","tablet":"30px","mobile":"25px"},"line-height":"1.3","letter-spacing":"CT_CSS_SKIP_RULE","text-transform":"CT_CSS_SKIP_RULE","text-decoration":"CT_CSS_SKIP_RULE"},"pageTitleFontColor":{"default":{"color":"CT_CSS_SKIP_RULEDEFAULT"}},"pageMetaFont":{"family":"Default","variation":"n6","size":{"desktop":"12px","tablet":"12px","mobile":"12px"},"line-height":"1.3","letter-spacing":"CT_CSS_SKIP_RULE","text-transform":"uppercase","text-decoration":"CT_CSS_SKIP_RULE"},"pageMetaFontColor":{"default":{"color":"CT_CSS_SKIP_RULEDEFAULT"},"hover":{"color":"CT_CSS_SKIP_RULEDEFAULT"}},"pageExcerptFont":{"family":"Default","variation":"n5","size":"CT_CSS_SKIP_RULE","line-height":"CT_CSS_SKIP_RULE","letter-spacing":"CT_CSS_SKIP_RULE","text-transform":"CT_CSS_SKIP_RULE","text-decoration":"CT_CSS_SKIP_RULE"},"pageExcerptColor":{"default":{"color":"CT_CSS_SKIP_RULEDEFAULT"}},"breadcrumbsFont":{"family":"Default","variation":"n6","size":"12px","line-height":"CT_CSS_SKIP_RULE","letter-spacing":"CT_CSS_SKIP_RULE","text-transform":"uppercase","text-decoration":"CT_CSS_SKIP_RULE"},"breadcrumbsFontColor":{"default":{"color":"CT_CSS_SKIP_RULEDEFAULT"},"initial":{"color":"CT_CSS_SKIP_RULEDEFAULT"},"hover":{"color":"CT_CSS_SKIP_RULEDEFAULT"}},"pageTitleOverlay":{"default":{"color":"rgba(41, 51, 60, 0.2)"}},"pageTitleBackground":{"background_type":"color","background_pattern":"type-1","background_image":{"attachment_id":null,"x":0,"y":0},"background_repeat":"no-repeat","background_size":"auto","background_attachment":"scroll","patternColor":{"default":{"color":"#e5e7ea"}},"backgroundColor":{"default":{"color":"#EDEFF2"}}},"30bd3d82d44c93ff512d385983934a8d":"","page_structure_type":"default","page_enable_vertical_spacing":"no","918019aae6b81bb57706ceeb2d06236b":"","disable_featured_image":"no","73fc40c930f9a5400d833b8700298f2f":"","d36a9c10c230eaf6c86b3a0408a49909":"","hero_structure":"narrow","9858ffa93290afa8ac31a0a3802db0eb":"","content_style":"inherit","vertical_spacing_source":"custom","content_area_spacing":"none","background":{"background_type":"color","background_pattern":"type-1","background_image":{"attachment_id":null,"x":0,"y":0},"background_repeat":"no-repeat","background_size":"auto","background_attachment":"scroll","patternColor":{"default":{"color":"#e5e7ea"}},"backgroundColor":{"default":{"color":"CT_CSS_SKIP_RULE"}}},"content_background":{"background_type":"color","background_pattern":"type-1","background_image":{"attachment_id":null,"x":0,"y":0},"background_repeat":"no-repeat","background_size":"auto","background_attachment":"scroll","patternColor":{"default":{"color":"#e5e7ea"}},"backgroundColor":{"default":{"color":"#ffffff"}}},"content_boxed_spacing":{"desktop":"40px","tablet":"35px","mobile":"20px"},"content_boxed_radius":{"top":"3px","bottom":"3px","left":"3px","right":"3px","linked":true},"content_boxed_shadow":{"blur":18,"spread":-6,"v_offset":12,"h_offset":0,"inset":false,"enable":true,"color":{"color":"rgba(34, 56, 101, 0.04)"}},"c7e3411feaaade2bd72c8d8c1b2029c1":"","styles_descriptor":{"styles":{"desktop":"","tablet":"","mobile":""},"google_fonts":[],"version":6}},"yoast_head":"<!-- This site is optimized with the Yoast SEO plugin v27.4 - https:\/\/yoast.com\/product\/yoast-seo-wordpress\/ -->\n<title>Sobre Trekking Santa Marta<\/title>\n<meta name=\"description\" content=\"Trekking Santa Marta: Una agencia experta en aventuras exclusivas por la Sierra Nevada y el parque Tayrona.\" \/>\n<meta name=\"robots\" content=\"index, follow, max-snippet:-1, max-image-preview:large, max-video-preview:-1\" \/>\n<link rel=\"canonical\" href=\"https:\/\/trekkingsantamarta.com\/en\/sobre-nosotros\/\" \/>\n<meta property=\"og:locale\" content=\"en_US\" \/>\n<meta property=\"og:type\" content=\"article\" \/>\n<meta property=\"og:title\" content=\"Sobre Trekking Santa Marta\" \/>\n<meta property=\"og:description\" content=\"Trekking Santa Marta: Una agencia experta en aventuras exclusivas por la Sierra Nevada y el parque Tayrona.\" \/>\n<meta property=\"og:url\" content=\"https:\/\/trekkingsantamarta.com\/en\/sobre-nosotros\/\" \/>\n<meta property=\"og:site_name\" content=\"trekkingsantamarta.com\" \/>\n<meta property=\"article:publisher\" content=\"https:\/\/www.facebook.com\/profile.php?id=100078143620334&amp;ref=_ig_profile_ac\" \/>\n<meta property=\"article:modified_time\" content=\"2025-07-08T14:58:08+00:00\" \/>\n<meta property=\"og:image\" content=\"https:\/\/trekkingsantamarta.com\/wp-content\/uploads\/2025\/03\/image25.jpg\" \/>\n\t<meta property=\"og:image:width\" content=\"1080\" \/>\n\t<meta property=\"og:image:height\" content=\"810\" \/>\n\t<meta property=\"og:image:type\" content=\"image\/jpeg\" \/>\n<meta name=\"twitter:card\" content=\"summary_large_image\" \/>\n<meta name=\"twitter:label1\" content=\"Est. reading time\" \/>\n\t<meta name=\"twitter:data1\" content=\"1 minute\" \/>\n<script type=\"application\/ld+json\" class=\"yoast-schema-graph\">{\"@context\":\"https:\\\/\\\/schema.org\",\"@graph\":[{\"@type\":\"WebPage\",\"@id\":\"https:\\\/\\\/trekkingsantamarta.com\\\/sobre-nosotros\\\/\",\"url\":\"https:\\\/\\\/trekkingsantamarta.com\\\/sobre-nosotros\\\/\",\"name\":\"Sobre Trekking Santa Marta\",\"isPartOf\":{\"@id\":\"https:\\\/\\\/trekkingsantamarta.com\\\/#website\"},\"primaryImageOfPage\":{\"@id\":\"https:\\\/\\\/trekkingsantamarta.com\\\/sobre-nosotros\\\/#primaryimage\"},\"image\":{\"@id\":\"https:\\\/\\\/trekkingsantamarta.com\\\/sobre-nosotros\\\/#primaryimage\"},\"thumbnailUrl\":\"https:\\\/\\\/trekkingsantamarta.com\\\/wp-content\\\/uploads\\\/2025\\\/03\\\/image25.jpg\",\"datePublished\":\"2020-04-17T14:49:25+00:00\",\"dateModified\":\"2025-07-08T14:58:08+00:00\",\"description\":\"Trekking Santa Marta: Una agencia experta en aventuras exclusivas por la Sierra Nevada y el parque Tayrona.\",\"breadcrumb\":{\"@id\":\"https:\\\/\\\/trekkingsantamarta.com\\\/sobre-nosotros\\\/#breadcrumb\"},\"inLanguage\":\"en-US\",\"potentialAction\":[{\"@type\":\"ReadAction\",\"target\":[\"https:\\\/\\\/trekkingsantamarta.com\\\/sobre-nosotros\\\/\"]}]},{\"@type\":\"ImageObject\",\"inLanguage\":\"en-US\",\"@id\":\"https:\\\/\\\/trekkingsantamarta.com\\\/sobre-nosotros\\\/#primaryimage\",\"url\":\"https:\\\/\\\/trekkingsantamarta.com\\\/wp-content\\\/uploads\\\/2025\\\/03\\\/image25.jpg\",\"contentUrl\":\"https:\\\/\\\/trekkingsantamarta.com\\\/wp-content\\\/uploads\\\/2025\\\/03\\\/image25.jpg\",\"width\":1080,\"height\":810},{\"@type\":\"BreadcrumbList\",\"@id\":\"https:\\\/\\\/trekkingsantamarta.com\\\/sobre-nosotros\\\/#breadcrumb\",\"itemListElement\":[{\"@type\":\"ListItem\",\"position\":1,\"name\":\"Inicio\",\"item\":\"https:\\\/\\\/trekkingsantamarta.com\\\/\"},{\"@type\":\"ListItem\",\"position\":2,\"name\":\"Trekking Santa Marta\"}]},{\"@type\":\"WebSite\",\"@id\":\"https:\\\/\\\/trekkingsantamarta.com\\\/#website\",\"url\":\"https:\\\/\\\/trekkingsantamarta.com\\\/\",\"name\":\"trekkingsantamarta.com\",\"description\":\"Conoce lo m\u00e1s profundo de la Sierra Nevada de Santa Marta.\",\"publisher\":{\"@id\":\"https:\\\/\\\/trekkingsantamarta.com\\\/#organization\"},\"alternateName\":\"Trekking Santa Marta\",\"potentialAction\":[{\"@type\":\"SearchAction\",\"target\":{\"@type\":\"EntryPoint\",\"urlTemplate\":\"https:\\\/\\\/trekkingsantamarta.com\\\/?s={search_term_string}\"},\"query-input\":{\"@type\":\"PropertyValueSpecification\",\"valueRequired\":true,\"valueName\":\"search_term_string\"}}],\"inLanguage\":\"en-US\"},{\"@type\":\"Organization\",\"@id\":\"https:\\\/\\\/trekkingsantamarta.com\\\/#organization\",\"name\":\"Trekking Santa Marta\",\"alternateName\":\"trekkingsantamarta.com\",\"url\":\"https:\\\/\\\/trekkingsantamarta.com\\\/\",\"logo\":{\"@type\":\"ImageObject\",\"inLanguage\":\"en-US\",\"@id\":\"https:\\\/\\\/trekkingsantamarta.com\\\/#\\\/schema\\\/logo\\\/image\\\/\",\"url\":\"https:\\\/\\\/trekkingsantamarta.com\\\/wp-content\\\/uploads\\\/2025\\\/03\\\/Trekking-Santa-Marta-Logo-1.png\",\"contentUrl\":\"https:\\\/\\\/trekkingsantamarta.com\\\/wp-content\\\/uploads\\\/2025\\\/03\\\/Trekking-Santa-Marta-Logo-1.png\",\"width\":4584,\"height\":4567,\"caption\":\"Trekking Santa Marta\"},\"image\":{\"@id\":\"https:\\\/\\\/trekkingsantamarta.com\\\/#\\\/schema\\\/logo\\\/image\\\/\"},\"sameAs\":[\"https:\\\/\\\/www.facebook.com\\\/profile.php?id=100078143620334&ref=_ig_profile_ac\",\"https:\\\/\\\/www.instagram.com\\\/trekkingsantamarta\\\/\"]}]}<\/script>\n<!-- \/ Yoast SEO plugin. -->","yoast_head_json":{"title":"Sobre Trekking Santa Marta","description":"Trekking Santa Marta: Una agencia experta en aventuras exclusivas por la Sierra Nevada y el parque Tayrona.","robots":{"index":"index","follow":"follow","max-snippet":"max-snippet:-1","max-image-preview":"max-image-preview:large","max-video-preview":"max-video-preview:-1"},"canonical":"https:\/\/trekkingsantamarta.com\/en\/sobre-nosotros\/","og_locale":"en_US","og_type":"article","og_title":"Sobre Trekking Santa Marta","og_description":"Trekking Santa Marta: Una agencia experta en aventuras exclusivas por la Sierra Nevada y el parque Tayrona.","og_url":"https:\/\/trekkingsantamarta.com\/en\/sobre-nosotros\/","og_site_name":"trekkingsantamarta.com","article_publisher":"https:\/\/www.facebook.com\/profile.php?id=100078143620334&ref=_ig_profile_ac","article_modified_time":"2025-07-08T14:58:08+00:00","og_image":[{"width":1080,"height":810,"url":"https:\/\/trekkingsantamarta.com\/wp-content\/uploads\/2025\/03\/image25.jpg","type":"image\/jpeg"}],"twitter_card":"summary_large_image","twitter_misc":{"Est. reading time":"1 minute"},"schema":{"@context":"https:\/\/schema.org","@graph":[{"@type":"WebPage","@id":"https:\/\/trekkingsantamarta.com\/sobre-nosotros\/","url":"https:\/\/trekkingsantamarta.com\/sobre-nosotros\/","name":"Sobre Trekking Santa Marta","isPartOf":{"@id":"https:\/\/trekkingsantamarta.com\/#website"},"primaryImageOfPage":{"@id":"https:\/\/trekkingsantamarta.com\/sobre-nosotros\/#primaryimage"},"image":{"@id":"https:\/\/trekkingsantamarta.com\/sobre-nosotros\/#primaryimage"},"thumbnailUrl":"https:\/\/trekkingsantamarta.com\/wp-content\/uploads\/2025\/03\/image25.jpg","datePublished":"2020-04-17T14:49:25+00:00","dateModified":"2025-07-08T14:58:08+00:00","description":"Trekking Santa Marta: Una agencia experta en aventuras exclusivas por la Sierra Nevada y el parque Tayrona.","breadcrumb":{"@id":"https:\/\/trekkingsantamarta.com\/sobre-nosotros\/#breadcrumb"},"inLanguage":"en-US","potentialAction":[{"@type":"ReadAction","target":["https:\/\/trekkingsantamarta.com\/sobre-nosotros\/"]}]},{"@type":"ImageObject","inLanguage":"en-US","@id":"https:\/\/trekkingsantamarta.com\/sobre-nosotros\/#primaryimage","url":"https:\/\/trekkingsantamarta.com\/wp-content\/uploads\/2025\/03\/image25.jpg","contentUrl":"https:\/\/trekkingsantamarta.com\/wp-content\/uploads\/2025\/03\/image25.jpg","width":1080,"height":810},{"@type":"BreadcrumbList","@id":"https:\/\/trekkingsantamarta.com\/sobre-nosotros\/#breadcrumb","itemListElement":[{"@type":"ListItem","position":1,"name":"Inicio","item":"https:\/\/trekkingsantamarta.com\/"},{"@type":"ListItem","position":2,"name":"Trekking Santa Marta"}]},{"@type":"WebSite","@id":"https:\/\/trekkingsantamarta.com\/#website","url":"https:\/\/trekkingsantamarta.com\/","name":"trekkingsantamarta.com","description":"He knows the depths of the Sierra Nevada de Santa Marta.","publisher":{"@id":"https:\/\/trekkingsantamarta.com\/#organization"},"alternateName":"Trekking Santa Marta","potentialAction":[{"@type":"SearchAction","target":{"@type":"EntryPoint","urlTemplate":"https:\/\/trekkingsantamarta.com\/?s={search_term_string}"},"query-input":{"@type":"PropertyValueSpecification","valueRequired":true,"valueName":"search_term_string"}}],"inLanguage":"en-US"},{"@type":"Organization","@id":"https:\/\/trekkingsantamarta.com\/#organization","name":"Trekking Santa Marta","alternateName":"trekkingsantamarta.com","url":"https:\/\/trekkingsantamarta.com\/","logo":{"@type":"ImageObject","inLanguage":"en-US","@id":"https:\/\/trekkingsantamarta.com\/#\/schema\/logo\/image\/","url":"https:\/\/trekkingsantamarta.com\/wp-content\/uploads\/2025\/03\/Trekking-Santa-Marta-Logo-1.png","contentUrl":"https:\/\/trekkingsantamarta.com\/wp-content\/uploads\/2025\/03\/Trekking-Santa-Marta-Logo-1.png","width":4584,"height":4567,"caption":"Trekking Santa Marta"},"image":{"@id":"https:\/\/trekkingsantamarta.com\/#\/schema\/logo\/image\/"},"sameAs":["https:\/\/www.facebook.com\/profile.php?id=100078143620334&ref=_ig_profile_ac","https:\/\/www.instagram.com\/trekkingsantamarta\/"]}]}},"_links":{"self":[{"href":"https:\/\/trekkingsantamarta.com\/en\/wp-json\/wp\/v2\/pages\/164","targetHints":{"allow":["GET"]}}],"collection":[{"href":"https:\/\/trekkingsantamarta.com\/en\/wp-json\/wp\/v2\/pages"}],"about":[{"href":"https:\/\/trekkingsantamarta.com\/en\/wp-json\/wp\/v2\/types\/page"}],"author":[{"embeddable":true,"href":"https:\/\/trekkingsantamarta.com\/en\/wp-json\/wp\/v2\/users\/1"}],"replies":[{"embeddable":true,"href":"https:\/\/trekkingsantamarta.com\/en\/wp-json\/wp\/v2\/comments?post=164"}],"version-history":[{"count":37,"href":"https:\/\/trekkingsantamarta.com\/en\/wp-json\/wp\/v2\/pages\/164\/revisions"}],"predecessor-version":[{"id":1086,"href":"https:\/\/trekkingsantamarta.com\/en\/wp-json\/wp\/v2\/pages\/164\/revisions\/1086"}],"wp:featuredmedia":[{"embeddable":true,"href":"https:\/\/trekkingsantamarta.com\/en\/wp-json\/wp\/v2\/media\/678"}],"wp:attachment":[{"href":"https:\/\/trekkingsantamarta.com\/en\/wp-json\/wp\/v2\/media?parent=164"}],"curies":[{"name":"wp","href":"https:\/\/api.w.org\/{rel}","templated":true}]}}