{"id":1081,"date":"2025-07-08T10:10:52","date_gmt":"2025-07-08T15:10:52","guid":{"rendered":"https:\/\/trekkingsantamarta.com\/?page_id=1081"},"modified":"2026-01-07T15:03:36","modified_gmt":"2026-01-07T20:03:36","slug":"blog","status":"publish","type":"page","link":"https:\/\/trekkingsantamarta.com\/en\/blog\/","title":{"rendered":"Blog"},"content":{"rendered":"<div data-elementor-type=\"wp-page\" data-elementor-id=\"1081\" class=\"elementor elementor-1081\" data-elementor-post-type=\"page\">\n\t\t\t\t\t\t<section class=\"elementor-section elementor-top-section elementor-element elementor-element-d2d8e1b ct-section-stretched elementor-section-height-min-height elementor-section-boxed elementor-section-height-default elementor-section-items-middle\" data-id=\"d2d8e1b\" data-element_type=\"section\" data-settings=\"{&quot;background_background&quot;:&quot;classic&quot;,&quot;shape_divider_bottom&quot;:&quot;pyramids&quot;}\">\n\t\t\t\t\t<div class=\"elementor-shape elementor-shape-bottom\" aria-hidden=\"true\" data-negative=\"false\">\n\t\t\t<svg xmlns=\"http:\/\/www.w3.org\/2000\/svg\" viewbox=\"0 0 1000 100\" preserveaspectratio=\"none\">\n\t<path class=\"elementor-shape-fill\" d=\"M761.9,44.1L643.1,27.2L333.8,98L0,3.8V0l1000,0v3.9\"\/>\n<\/svg>\t\t<\/div>\n\t\t\t\t\t<div class=\"elementor-container elementor-column-gap-default\">\n\t\t\t\t\t<div class=\"elementor-column elementor-col-100 elementor-top-column elementor-element elementor-element-afed0c3\" data-id=\"afed0c3\" data-element_type=\"column\">\n\t\t\t<div class=\"elementor-widget-wrap elementor-element-populated\">\n\t\t\t\t\t\t<div class=\"elementor-element elementor-element-148f14d elementor-widget elementor-widget-heading\" data-id=\"148f14d\" data-element_type=\"widget\" data-widget_type=\"heading.default\">\n\t\t\t\t\t<h1 class=\"elementor-heading-title elementor-size-default\">Blog<\/h1>\t\t\t\t<\/div>\n\t\t\t\t\t<\/div>\n\t\t<\/div>\n\t\t\t\t\t<\/div>\n\t\t<\/section>\n\t\t<div class=\"elementor-element elementor-element-4242e0f e-flex e-con-boxed e-con e-parent\" data-id=\"4242e0f\" data-element_type=\"container\">\n\t\t\t\t\t<div class=\"e-con-inner\">\n\t\t\t\t<div class=\"elementor-element elementor-element-3daf937 elementor-grid-3 elementor-grid-tablet-2 elementor-grid-mobile-1 elementor-posts--thumbnail-top elementor-card-shadow-yes elementor-posts__hover-gradient elementor-widget elementor-widget-posts\" data-id=\"3daf937\" data-element_type=\"widget\" data-settings=\"{&quot;pagination_type&quot;:&quot;prev_next&quot;,&quot;cards_row_gap&quot;:{&quot;unit&quot;:&quot;px&quot;,&quot;size&quot;:30,&quot;sizes&quot;:[]},&quot;cards_columns&quot;:&quot;3&quot;,&quot;cards_columns_tablet&quot;:&quot;2&quot;,&quot;cards_columns_mobile&quot;:&quot;1&quot;,&quot;cards_row_gap_tablet&quot;:{&quot;unit&quot;:&quot;px&quot;,&quot;size&quot;:&quot;&quot;,&quot;sizes&quot;:[]},&quot;cards_row_gap_mobile&quot;:{&quot;unit&quot;:&quot;px&quot;,&quot;size&quot;:&quot;&quot;,&quot;sizes&quot;:[]}}\" data-widget_type=\"posts.cards\">\n\t\t\t\t<div class=\"elementor-widget-container\">\n\t\t\t\t\t\t\t<div class=\"elementor-posts-container elementor-posts elementor-posts--skin-cards elementor-grid\" role=\"list\">\n\t\t\t\t<article class=\"elementor-post elementor-grid-item post-1125 post type-post status-publish format-standard has-post-thumbnail hentry category-uncategorized\" role=\"listitem\">\n\t\t\t<div class=\"elementor-post__card\">\n\t\t\t\t<a class=\"elementor-post__thumbnail__link\" href=\"https:\/\/trekkingsantamarta.com\/en\/las-comunidades-indigenas-de-la-sierra-nevada-de-santa-marta\/\" tabindex=\"-1\" ><div class=\"elementor-post__thumbnail\"><img fetchpriority=\"high\" decoding=\"async\" width=\"300\" height=\"300\" src=\"https:\/\/trekkingsantamarta.com\/wp-content\/uploads\/2025\/07\/Comunidad-de-la-sierra-nevadad-de-santa-marta-en-el-tour-ciudad-perdida-trekking-santa-marta-300x300.webp\" class=\"attachment-medium size-medium wp-image-1051\" alt=\"\" srcset=\"https:\/\/trekkingsantamarta.com\/wp-content\/uploads\/2025\/07\/Comunidad-de-la-sierra-nevadad-de-santa-marta-en-el-tour-ciudad-perdida-trekking-santa-marta-300x300.webp 300w, https:\/\/trekkingsantamarta.com\/wp-content\/uploads\/2025\/07\/Comunidad-de-la-sierra-nevadad-de-santa-marta-en-el-tour-ciudad-perdida-trekking-santa-marta-1024x1024.webp 1024w, https:\/\/trekkingsantamarta.com\/wp-content\/uploads\/2025\/07\/Comunidad-de-la-sierra-nevadad-de-santa-marta-en-el-tour-ciudad-perdida-trekking-santa-marta-150x150.webp 150w, https:\/\/trekkingsantamarta.com\/wp-content\/uploads\/2025\/07\/Comunidad-de-la-sierra-nevadad-de-santa-marta-en-el-tour-ciudad-perdida-trekking-santa-marta-768x768.webp 768w, https:\/\/trekkingsantamarta.com\/wp-content\/uploads\/2025\/07\/Comunidad-de-la-sierra-nevadad-de-santa-marta-en-el-tour-ciudad-perdida-trekking-santa-marta-12x12.webp 12w, https:\/\/trekkingsantamarta.com\/wp-content\/uploads\/2025\/07\/Comunidad-de-la-sierra-nevadad-de-santa-marta-en-el-tour-ciudad-perdida-trekking-santa-marta-500x500.webp 500w, https:\/\/trekkingsantamarta.com\/wp-content\/uploads\/2025\/07\/Comunidad-de-la-sierra-nevadad-de-santa-marta-en-el-tour-ciudad-perdida-trekking-santa-marta-600x600.webp 600w, https:\/\/trekkingsantamarta.com\/wp-content\/uploads\/2025\/07\/Comunidad-de-la-sierra-nevadad-de-santa-marta-en-el-tour-ciudad-perdida-trekking-santa-marta-100x100.webp 100w, https:\/\/trekkingsantamarta.com\/wp-content\/uploads\/2025\/07\/Comunidad-de-la-sierra-nevadad-de-santa-marta-en-el-tour-ciudad-perdida-trekking-santa-marta.webp 1080w\" sizes=\"(max-width: 300px) 100vw, 300px\" \/><\/div><\/a>\n\t\t\t\t<div class=\"elementor-post__text\">\n\t\t\t\t<h3 class=\"elementor-post__title\">\n\t\t\t<a href=\"https:\/\/trekkingsantamarta.com\/en\/las-comunidades-indigenas-de-la-sierra-nevada-de-santa-marta\/\" >\n\t\t\t\tThe Indigenous Communities of the Sierra Nevada de Santa Marta:\t\t\t<\/a>\n\t\t<\/h3>\n\t\t\n\t\t<a class=\"elementor-post__read-more\" href=\"https:\/\/trekkingsantamarta.com\/en\/las-comunidades-indigenas-de-la-sierra-nevada-de-santa-marta\/\" aria-label=\"Read more about Las Comunidades Ind\u00edgenas de la Sierra Nevada de Santa Marta:\" tabindex=\"-1\" >\n\t\t\tRead More \"\t\t<\/a>\n\n\t\t\t\t<\/div>\n\t\t\t\t<div class=\"elementor-post__meta-data\">\n\t\t\t\t\t<span class=\"elementor-post-date\">\n\t\t\tJuly 19, 2025\t\t<\/span>\n\t\t\t\t<span class=\"elementor-post-avatar\">\n\t\t\tNo Comments\t\t<\/span>\n\t\t\t\t<\/div>\n\t\t\t\t\t<\/div>\n\t\t<\/article>\n\t\t\t\t<article class=\"elementor-post elementor-grid-item post-1078 post type-post status-publish format-standard has-post-thumbnail hentry category-uncategorized\" role=\"listitem\">\n\t\t\t<div class=\"elementor-post__card\">\n\t\t\t\t<a class=\"elementor-post__thumbnail__link\" href=\"https:\/\/trekkingsantamarta.com\/en\/santa-marta-500\/\" tabindex=\"-1\" ><div class=\"elementor-post__thumbnail\"><img decoding=\"async\" width=\"300\" height=\"200\" src=\"https:\/\/trekkingsantamarta.com\/wp-content\/uploads\/2025\/03\/DSC_9131-01-300x200.jpeg\" class=\"attachment-medium size-medium wp-image-725\" alt=\"\" srcset=\"https:\/\/trekkingsantamarta.com\/wp-content\/uploads\/2025\/03\/DSC_9131-01-300x200.jpeg 300w, https:\/\/trekkingsantamarta.com\/wp-content\/uploads\/2025\/03\/DSC_9131-01-1024x684.jpeg 1024w, https:\/\/trekkingsantamarta.com\/wp-content\/uploads\/2025\/03\/DSC_9131-01-768x513.jpeg 768w, https:\/\/trekkingsantamarta.com\/wp-content\/uploads\/2025\/03\/DSC_9131-01-600x401.jpeg 600w, https:\/\/trekkingsantamarta.com\/wp-content\/uploads\/2025\/03\/DSC_9131-01.jpeg 1080w\" sizes=\"(max-width: 300px) 100vw, 300px\" \/><\/div><\/a>\n\t\t\t\t<div class=\"elementor-post__text\">\n\t\t\t\t<h3 class=\"elementor-post__title\">\n\t\t\t<a href=\"https:\/\/trekkingsantamarta.com\/en\/santa-marta-500\/\" >\n\t\t\t\tSanta Marta 500 years\t\t\t<\/a>\n\t\t<\/h3>\n\t\t\n\t\t<a class=\"elementor-post__read-more\" href=\"https:\/\/trekkingsantamarta.com\/en\/santa-marta-500\/\" aria-label=\"Read more about Santa Marta 500 a\u00f1os\" tabindex=\"-1\" >\n\t\t\tRead More \"\t\t<\/a>\n\n\t\t\t\t<\/div>\n\t\t\t\t<div class=\"elementor-post__meta-data\">\n\t\t\t\t\t<span class=\"elementor-post-date\">\n\t\t\tJuly 8, 2025\t\t<\/span>\n\t\t\t\t<span class=\"elementor-post-avatar\">\n\t\t\tNo Comments\t\t<\/span>\n\t\t\t\t<\/div>\n\t\t\t\t\t<\/div>\n\t\t<\/article>\n\t\t\t\t<\/div>\n\t\t\n\t\t\t\t\t\t<\/div>\n\t\t\t\t<\/div>\n\t\t\t\t\t<\/div>\n\t\t\t\t<\/div>\n\t\t\t\t<\/div>","protected":false},"excerpt":{"rendered":"<p>Blog<\/p>","protected":false},"author":2,"featured_media":1223,"parent":0,"menu_order":0,"comment_status":"closed","ping_status":"closed","template":"elementor_header_footer","meta":{"_joinchat":[],"footnotes":""},"class_list":["post-1081","page","type-page","status-publish","has-post-thumbnail","hentry"],"blocksy_meta":[],"yoast_head":"<!-- This site is optimized with the Yoast SEO plugin v27.4 - https:\/\/yoast.com\/product\/yoast-seo-wordpress\/ -->\n<title>Blog - trekkingsantamarta.com<\/title>\n<meta name=\"description\" content=\"Planifica tu viaje a la Sierra Nevada de Santa Marta con nuestra gu\u00eda. Consejos de trekking, cultura ind\u00edgena, clima y qu\u00e9 llevar. \u00a1L\u00e9enos!\" \/>\n<meta name=\"robots\" content=\"index, follow, max-snippet:-1, max-image-preview:large, max-video-preview:-1\" \/>\n<link rel=\"canonical\" href=\"https:\/\/trekkingsantamarta.com\/en\/blog\/\" \/>\n<meta property=\"og:locale\" content=\"en_US\" \/>\n<meta property=\"og:type\" content=\"article\" \/>\n<meta property=\"og:title\" content=\"Blog - trekkingsantamarta.com\" \/>\n<meta property=\"og:description\" content=\"Planifica tu viaje a la Sierra Nevada de Santa Marta con nuestra gu\u00eda. Consejos de trekking, cultura ind\u00edgena, clima y qu\u00e9 llevar. \u00a1L\u00e9enos!\" \/>\n<meta property=\"og:url\" content=\"https:\/\/trekkingsantamarta.com\/en\/blog\/\" \/>\n<meta property=\"og:site_name\" content=\"trekkingsantamarta.com\" \/>\n<meta property=\"article:publisher\" content=\"https:\/\/www.facebook.com\/profile.php?id=100078143620334&amp;ref=_ig_profile_ac\" \/>\n<meta property=\"article:modified_time\" content=\"2026-01-07T20:03:36+00:00\" \/>\n<meta property=\"og:image\" content=\"https:\/\/trekkingsantamarta.com\/wp-content\/uploads\/2025\/10\/Turismas-en-la-comunidad-kogui.webp\" \/>\n\t<meta property=\"og:image:width\" content=\"720\" \/>\n\t<meta property=\"og:image:height\" content=\"720\" \/>\n\t<meta property=\"og:image:type\" content=\"image\/webp\" \/>\n<meta name=\"twitter:card\" content=\"summary_large_image\" \/>\n<meta name=\"twitter:label1\" content=\"Est. reading time\" \/>\n\t<meta name=\"twitter:data1\" content=\"1 minute\" \/>\n<script type=\"application\/ld+json\" class=\"yoast-schema-graph\">{\"@context\":\"https:\\\/\\\/schema.org\",\"@graph\":[{\"@type\":\"WebPage\",\"@id\":\"https:\\\/\\\/trekkingsantamarta.com\\\/blog\\\/\",\"url\":\"https:\\\/\\\/trekkingsantamarta.com\\\/blog\\\/\",\"name\":\"Blog - trekkingsantamarta.com\",\"isPartOf\":{\"@id\":\"https:\\\/\\\/trekkingsantamarta.com\\\/#website\"},\"primaryImageOfPage\":{\"@id\":\"https:\\\/\\\/trekkingsantamarta.com\\\/blog\\\/#primaryimage\"},\"image\":{\"@id\":\"https:\\\/\\\/trekkingsantamarta.com\\\/blog\\\/#primaryimage\"},\"thumbnailUrl\":\"https:\\\/\\\/trekkingsantamarta.com\\\/wp-content\\\/uploads\\\/2025\\\/10\\\/Turismas-en-la-comunidad-kogui.webp\",\"datePublished\":\"2025-07-08T15:10:52+00:00\",\"dateModified\":\"2026-01-07T20:03:36+00:00\",\"description\":\"Planifica tu viaje a la Sierra Nevada de Santa Marta con nuestra gu\u00eda. Consejos de trekking, cultura ind\u00edgena, clima y qu\u00e9 llevar. \u00a1L\u00e9enos!\",\"breadcrumb\":{\"@id\":\"https:\\\/\\\/trekkingsantamarta.com\\\/blog\\\/#breadcrumb\"},\"inLanguage\":\"en-US\",\"potentialAction\":[{\"@type\":\"ReadAction\",\"target\":[\"https:\\\/\\\/trekkingsantamarta.com\\\/blog\\\/\"]}]},{\"@type\":\"ImageObject\",\"inLanguage\":\"en-US\",\"@id\":\"https:\\\/\\\/trekkingsantamarta.com\\\/blog\\\/#primaryimage\",\"url\":\"https:\\\/\\\/trekkingsantamarta.com\\\/wp-content\\\/uploads\\\/2025\\\/10\\\/Turismas-en-la-comunidad-kogui.webp\",\"contentUrl\":\"https:\\\/\\\/trekkingsantamarta.com\\\/wp-content\\\/uploads\\\/2025\\\/10\\\/Turismas-en-la-comunidad-kogui.webp\",\"width\":720,\"height\":720,\"caption\":\"Planifica tu viaje\"},{\"@type\":\"BreadcrumbList\",\"@id\":\"https:\\\/\\\/trekkingsantamarta.com\\\/blog\\\/#breadcrumb\",\"itemListElement\":[{\"@type\":\"ListItem\",\"position\":1,\"name\":\"Inicio\",\"item\":\"https:\\\/\\\/trekkingsantamarta.com\\\/\"},{\"@type\":\"ListItem\",\"position\":2,\"name\":\"Blog\"}]},{\"@type\":\"WebSite\",\"@id\":\"https:\\\/\\\/trekkingsantamarta.com\\\/#website\",\"url\":\"https:\\\/\\\/trekkingsantamarta.com\\\/\",\"name\":\"trekkingsantamarta.com\",\"description\":\"Conoce lo m\u00e1s profundo de la Sierra Nevada de Santa Marta.\",\"publisher\":{\"@id\":\"https:\\\/\\\/trekkingsantamarta.com\\\/#organization\"},\"alternateName\":\"Trekking Santa Marta\",\"potentialAction\":[{\"@type\":\"SearchAction\",\"target\":{\"@type\":\"EntryPoint\",\"urlTemplate\":\"https:\\\/\\\/trekkingsantamarta.com\\\/?s={search_term_string}\"},\"query-input\":{\"@type\":\"PropertyValueSpecification\",\"valueRequired\":true,\"valueName\":\"search_term_string\"}}],\"inLanguage\":\"en-US\"},{\"@type\":\"Organization\",\"@id\":\"https:\\\/\\\/trekkingsantamarta.com\\\/#organization\",\"name\":\"Trekking Santa Marta\",\"alternateName\":\"trekkingsantamarta.com\",\"url\":\"https:\\\/\\\/trekkingsantamarta.com\\\/\",\"logo\":{\"@type\":\"ImageObject\",\"inLanguage\":\"en-US\",\"@id\":\"https:\\\/\\\/trekkingsantamarta.com\\\/#\\\/schema\\\/logo\\\/image\\\/\",\"url\":\"https:\\\/\\\/trekkingsantamarta.com\\\/wp-content\\\/uploads\\\/2025\\\/03\\\/Trekking-Santa-Marta-Logo-1.png\",\"contentUrl\":\"https:\\\/\\\/trekkingsantamarta.com\\\/wp-content\\\/uploads\\\/2025\\\/03\\\/Trekking-Santa-Marta-Logo-1.png\",\"width\":4584,\"height\":4567,\"caption\":\"Trekking Santa Marta\"},\"image\":{\"@id\":\"https:\\\/\\\/trekkingsantamarta.com\\\/#\\\/schema\\\/logo\\\/image\\\/\"},\"sameAs\":[\"https:\\\/\\\/www.facebook.com\\\/profile.php?id=100078143620334&ref=_ig_profile_ac\",\"https:\\\/\\\/www.instagram.com\\\/trekkingsantamarta\\\/\"]}]}<\/script>\n<!-- \/ Yoast SEO plugin. -->","yoast_head_json":{"title":"Blog - trekkingsantamarta.com","description":"Planifica tu viaje a la Sierra Nevada de Santa Marta con nuestra gu\u00eda. Consejos de trekking, cultura ind\u00edgena, clima y qu\u00e9 llevar. \u00a1L\u00e9enos!","robots":{"index":"index","follow":"follow","max-snippet":"max-snippet:-1","max-image-preview":"max-image-preview:large","max-video-preview":"max-video-preview:-1"},"canonical":"https:\/\/trekkingsantamarta.com\/en\/blog\/","og_locale":"en_US","og_type":"article","og_title":"Blog - trekkingsantamarta.com","og_description":"Planifica tu viaje a la Sierra Nevada de Santa Marta con nuestra gu\u00eda. Consejos de trekking, cultura ind\u00edgena, clima y qu\u00e9 llevar. \u00a1L\u00e9enos!","og_url":"https:\/\/trekkingsantamarta.com\/en\/blog\/","og_site_name":"trekkingsantamarta.com","article_publisher":"https:\/\/www.facebook.com\/profile.php?id=100078143620334&ref=_ig_profile_ac","article_modified_time":"2026-01-07T20:03:36+00:00","og_image":[{"width":720,"height":720,"url":"https:\/\/trekkingsantamarta.com\/wp-content\/uploads\/2025\/10\/Turismas-en-la-comunidad-kogui.webp","type":"image\/webp"}],"twitter_card":"summary_large_image","twitter_misc":{"Est. reading time":"1 minute"},"schema":{"@context":"https:\/\/schema.org","@graph":[{"@type":"WebPage","@id":"https:\/\/trekkingsantamarta.com\/blog\/","url":"https:\/\/trekkingsantamarta.com\/blog\/","name":"Blog - trekkingsantamarta.com","isPartOf":{"@id":"https:\/\/trekkingsantamarta.com\/#website"},"primaryImageOfPage":{"@id":"https:\/\/trekkingsantamarta.com\/blog\/#primaryimage"},"image":{"@id":"https:\/\/trekkingsantamarta.com\/blog\/#primaryimage"},"thumbnailUrl":"https:\/\/trekkingsantamarta.com\/wp-content\/uploads\/2025\/10\/Turismas-en-la-comunidad-kogui.webp","datePublished":"2025-07-08T15:10:52+00:00","dateModified":"2026-01-07T20:03:36+00:00","description":"Planifica tu viaje a la Sierra Nevada de Santa Marta con nuestra gu\u00eda. Consejos de trekking, cultura ind\u00edgena, clima y qu\u00e9 llevar. \u00a1L\u00e9enos!","breadcrumb":{"@id":"https:\/\/trekkingsantamarta.com\/blog\/#breadcrumb"},"inLanguage":"en-US","potentialAction":[{"@type":"ReadAction","target":["https:\/\/trekkingsantamarta.com\/blog\/"]}]},{"@type":"ImageObject","inLanguage":"en-US","@id":"https:\/\/trekkingsantamarta.com\/blog\/#primaryimage","url":"https:\/\/trekkingsantamarta.com\/wp-content\/uploads\/2025\/10\/Turismas-en-la-comunidad-kogui.webp","contentUrl":"https:\/\/trekkingsantamarta.com\/wp-content\/uploads\/2025\/10\/Turismas-en-la-comunidad-kogui.webp","width":720,"height":720,"caption":"Planifica tu viaje"},{"@type":"BreadcrumbList","@id":"https:\/\/trekkingsantamarta.com\/blog\/#breadcrumb","itemListElement":[{"@type":"ListItem","position":1,"name":"Inicio","item":"https:\/\/trekkingsantamarta.com\/"},{"@type":"ListItem","position":2,"name":"Blog"}]},{"@type":"WebSite","@id":"https:\/\/trekkingsantamarta.com\/#website","url":"https:\/\/trekkingsantamarta.com\/","name":"trekkingsantamarta.com","description":"He knows the depths of the Sierra Nevada de Santa Marta.","publisher":{"@id":"https:\/\/trekkingsantamarta.com\/#organization"},"alternateName":"Trekking Santa Marta","potentialAction":[{"@type":"SearchAction","target":{"@type":"EntryPoint","urlTemplate":"https:\/\/trekkingsantamarta.com\/?s={search_term_string}"},"query-input":{"@type":"PropertyValueSpecification","valueRequired":true,"valueName":"search_term_string"}}],"inLanguage":"en-US"},{"@type":"Organization","@id":"https:\/\/trekkingsantamarta.com\/#organization","name":"Trekking Santa Marta","alternateName":"trekkingsantamarta.com","url":"https:\/\/trekkingsantamarta.com\/","logo":{"@type":"ImageObject","inLanguage":"en-US","@id":"https:\/\/trekkingsantamarta.com\/#\/schema\/logo\/image\/","url":"https:\/\/trekkingsantamarta.com\/wp-content\/uploads\/2025\/03\/Trekking-Santa-Marta-Logo-1.png","contentUrl":"https:\/\/trekkingsantamarta.com\/wp-content\/uploads\/2025\/03\/Trekking-Santa-Marta-Logo-1.png","width":4584,"height":4567,"caption":"Trekking Santa Marta"},"image":{"@id":"https:\/\/trekkingsantamarta.com\/#\/schema\/logo\/image\/"},"sameAs":["https:\/\/www.facebook.com\/profile.php?id=100078143620334&ref=_ig_profile_ac","https:\/\/www.instagram.com\/trekkingsantamarta\/"]}]}},"_links":{"self":[{"href":"https:\/\/trekkingsantamarta.com\/en\/wp-json\/wp\/v2\/pages\/1081","targetHints":{"allow":["GET"]}}],"collection":[{"href":"https:\/\/trekkingsantamarta.com\/en\/wp-json\/wp\/v2\/pages"}],"about":[{"href":"https:\/\/trekkingsantamarta.com\/en\/wp-json\/wp\/v2\/types\/page"}],"author":[{"embeddable":true,"href":"https:\/\/trekkingsantamarta.com\/en\/wp-json\/wp\/v2\/users\/2"}],"replies":[{"embeddable":true,"href":"https:\/\/trekkingsantamarta.com\/en\/wp-json\/wp\/v2\/comments?post=1081"}],"version-history":[{"count":19,"href":"https:\/\/trekkingsantamarta.com\/en\/wp-json\/wp\/v2\/pages\/1081\/revisions"}],"predecessor-version":[{"id":1267,"href":"https:\/\/trekkingsantamarta.com\/en\/wp-json\/wp\/v2\/pages\/1081\/revisions\/1267"}],"wp:featuredmedia":[{"embeddable":true,"href":"https:\/\/trekkingsantamarta.com\/en\/wp-json\/wp\/v2\/media\/1223"}],"wp:attachment":[{"href":"https:\/\/trekkingsantamarta.com\/en\/wp-json\/wp\/v2\/media?parent=1081"}],"curies":[{"name":"wp","href":"https:\/\/api.w.org\/{rel}","templated":true}]}}